{"id":41663,"date":"2023-06-26T15:31:35","date_gmt":"2023-06-26T15:31:35","guid":{"rendered":"https:\/\/dentafrica.com\/?product=boite-de-100-aiguilles-anesthesie-terumo"},"modified":"2024-04-25T17:42:56","modified_gmt":"2024-04-25T17:42:56","slug":"boite-de-100-aiguilles-anesthesie-terumo","status":"publish","type":"product","link":"https:\/\/dentafrica.com\/?product=boite-de-100-aiguilles-anesthesie-terumo","title":{"rendered":"Bo\u00eete de 100 aiguilles anesth\u00e9sie &#8211; TERUMO"},"content":{"rendered":"<p>Bo\u00eete de 100 aiguilles st\u00e9riles. Embouts plastique. Triple biseau. Pas de vis plastique.<\/p>\n","protected":false},"excerpt":{"rendered":"<p>Bo\u00eete de 100 aiguilles st\u00e9riles. Embouts plastique. Triple biseau. Pas de vis plastique.<\/p>\n","protected":false},"featured_media":42132,"comment_status":"open","ping_status":"closed","template":"","meta":[],"product_cat":[1444],"product_tag":[607,810,784,608,785,1466,1453,1468,1500,1469],"class_list":{"0":"post-41663","1":"product","2":"type-product","3":"status-publish","4":"has-post-thumbnail","6":"product_cat-non-classe","7":"product_tag-aiguille-anesthesie","8":"product_tag-aiguilles-et-pointes","9":"product_tag-anesthesie","10":"product_tag-anesthesie_aiguille","11":"product_tag-marque_terumo","12":"product_tag-pharmacie-usage-unique","13":"product_tag-produits-annexes","14":"product_tag-safe-implant","15":"product_tag-seringues-et-aiguilles","16":"product_tag-usage-unique","18":"first","19":"instock","20":"shipping-taxable","21":"purchasable","22":"product-type-variable"},"_links":{"self":[{"href":"https:\/\/dentafrica.com\/index.php?rest_route=\/wp\/v2\/product\/41663","targetHints":{"allow":["GET"]}}],"collection":[{"href":"https:\/\/dentafrica.com\/index.php?rest_route=\/wp\/v2\/product"}],"about":[{"href":"https:\/\/dentafrica.com\/index.php?rest_route=\/wp\/v2\/types\/product"}],"replies":[{"embeddable":true,"href":"https:\/\/dentafrica.com\/index.php?rest_route=%2Fwp%2Fv2%2Fcomments&post=41663"}],"wp:featuredmedia":[{"embeddable":true,"href":"https:\/\/dentafrica.com\/index.php?rest_route=\/wp\/v2\/media\/42132"}],"wp:attachment":[{"href":"https:\/\/dentafrica.com\/index.php?rest_route=%2Fwp%2Fv2%2Fmedia&parent=41663"}],"wp:term":[{"taxonomy":"product_cat","embeddable":true,"href":"https:\/\/dentafrica.com\/index.php?rest_route=%2Fwp%2Fv2%2Fproduct_cat&post=41663"},{"taxonomy":"product_tag","embeddable":true,"href":"https:\/\/dentafrica.com\/index.php?rest_route=%2Fwp%2Fv2%2Fproduct_tag&post=41663"}],"curies":[{"name":"wp","href":"https:\/\/api.w.org\/{rel}","templated":true}]}}