{"id":41566,"date":"2023-06-26T15:30:48","date_gmt":"2023-06-26T15:30:48","guid":{"rendered":"https:\/\/dentafrica.com\/?product=bliss-sonde-graduee-23-15-1-acteon"},"modified":"2024-04-25T17:42:45","modified_gmt":"2024-04-25T17:42:45","slug":"bliss-sonde-graduee-23-15-1-acteon","status":"publish","type":"product","link":"https:\/\/dentafrica.com\/?product=bliss-sonde-graduee-23-15-1-acteon","title":{"rendered":"Bliss Sonde gradu\u00e9e 23-15-1 &#8211; ACTEON"},"content":{"rendered":"<p>Sonde gradu\u00e9e 23-15-1 de Bliss by ACTEON est un instrument\u00a0double compos\u00e9 d&rsquo;une sonde n\u00b0 23 et d&rsquo;une sonde gradu\u00e9e marqu\u00e9e de 1 \u00e0 15 mm, tous les millim\u00e8tres.<\/p>\n<p>L&rsquo;ergonomie et les performances de la partie travaillante permettent un geste ma\u00eetris\u00e9 et ferme et visent \u00e0 r\u00e9duire la fatigue des mains et des poignets.<br data-mce-fragment=\"1\">Les sondes gradu\u00e9es sont utilis\u00e9es pour mesurer les poches parodontales.<\/p>\n","protected":false},"excerpt":{"rendered":"<p>Sonde gradu\u00e9e 23-15-1 de Bliss by ACTEON est un instrument\u00a0double compos\u00e9 d&rsquo;une sonde n\u00b0 23 et d&rsquo;une sonde gradu\u00e9e marqu\u00e9e de 1 \u00e0 15 mm, tous les millim\u00e8tres. L&rsquo;ergonomie et les performances de la partie travaillante permettent un geste ma\u00eetris\u00e9 et ferme et visent \u00e0 r\u00e9duire la fatigue des mains et des poignets.Les sondes gradu\u00e9es [&hellip;]<\/p>\n","protected":false},"featured_media":41909,"comment_status":"open","ping_status":"closed","template":"","meta":[],"product_cat":[1444],"product_tag":[1677,1678,570,1495,515,1452,1674,1453,1468,571,1675],"class_list":{"0":"post-41566","1":"product","2":"type-product","3":"status-publish","4":"has-post-thumbnail","6":"product_cat-non-classe","7":"product_tag-diagnostic","8":"product_tag-diagnostique","9":"product_tag-instrument_sonde-parodontale","10":"product_tag-instruments","11":"product_tag-marque_acteon","12":"product_tag-omnipratique","13":"product_tag-parodontie","14":"product_tag-produits-annexes","15":"product_tag-safe-implant","16":"product_tag-sondes-parodontales","17":"product_tag-specialite_parodontie","19":"first","20":"instock","21":"shipping-taxable","22":"purchasable","23":"product-type-simple"},"_links":{"self":[{"href":"https:\/\/dentafrica.com\/index.php?rest_route=\/wp\/v2\/product\/41566","targetHints":{"allow":["GET"]}}],"collection":[{"href":"https:\/\/dentafrica.com\/index.php?rest_route=\/wp\/v2\/product"}],"about":[{"href":"https:\/\/dentafrica.com\/index.php?rest_route=\/wp\/v2\/types\/product"}],"replies":[{"embeddable":true,"href":"https:\/\/dentafrica.com\/index.php?rest_route=%2Fwp%2Fv2%2Fcomments&post=41566"}],"wp:featuredmedia":[{"embeddable":true,"href":"https:\/\/dentafrica.com\/index.php?rest_route=\/wp\/v2\/media\/41909"}],"wp:attachment":[{"href":"https:\/\/dentafrica.com\/index.php?rest_route=%2Fwp%2Fv2%2Fmedia&parent=41566"}],"wp:term":[{"taxonomy":"product_cat","embeddable":true,"href":"https:\/\/dentafrica.com\/index.php?rest_route=%2Fwp%2Fv2%2Fproduct_cat&post=41566"},{"taxonomy":"product_tag","embeddable":true,"href":"https:\/\/dentafrica.com\/index.php?rest_route=%2Fwp%2Fv2%2Fproduct_tag&post=41566"}],"curies":[{"name":"wp","href":"https:\/\/api.w.org\/{rel}","templated":true}]}}