{"id":41035,"date":"2023-06-26T15:27:33","date_gmt":"2023-06-26T15:27:33","guid":{"rendered":"https:\/\/dentafrica.com\/?product=aspiration-turbo-smart-a-cattani"},"modified":"2024-04-25T17:42:02","modified_gmt":"2024-04-25T17:42:02","slug":"aspiration-turbo-smart-a-cattani","status":"publish","type":"product","link":"https:\/\/dentafrica.com\/?product=aspiration-turbo-smart-a-cattani","title":{"rendered":"Aspiration Turbo-Smart A &#8211; Cattani"},"content":{"rendered":"<p>Turbo Smart est une machine qui communique constamment les conditions de travail et qui est automatiquement r\u00e9active en pr\u00e9sence de difficult\u00e9s environnementales, d&rsquo;alimentation ou d&rsquo;utilisation. En effet, Turbo Smart entre en <strong>autoprotection active<\/strong> lorsque l&rsquo;aspirateur est sollicit\u00e9 par un \u00e9v\u00e9nement qui pourrait l&rsquo;endommager tel que la surcharge ou la temp\u00e9rature \u00e9lev\u00e9e. Si ces \u00e9v\u00e9nements se v\u00e9rifient, Turbo Smart modifie automatiquement son fonctionnement pour surmonter le probl\u00e8me et r\u00e9tablit, toujours automatiquement, le fonctionnement programm\u00e9 lorsque l&rsquo;\u00e9v\u00e9nement critique est r\u00e9solu. Cela n&rsquo;est possible qu&rsquo;avec les appareils con\u00e7us selon les technologies modernes. Les appareils \u00e0 vitesse constante, sans inverseur ni software, ne connaissent pas l&rsquo;autoprotection active et en cas d&rsquo;urgence ne peuvent que s&rsquo;arr\u00eater.<\/p>\n<p>Turbo Smart est petit mais \u00e9galement grand; il est petit lorsqu&rsquo;il est utilis\u00e9 par un seul op\u00e9rateur et il augmente lorsque le nombre d&rsquo;utilisateurs augmente; c&rsquo;est pour cette raison que Turbo Smart a une intensit\u00e9 d&rsquo;aspiration constante, sans surchauffe lorsqu&rsquo;il est sous-utilis\u00e9 et gr\u00e2ce \u00e0 l&rsquo;inverseur, la consommation d&rsquo;\u00e9lectricit\u00e9 est proportionn\u00e9 \u00e0 l&rsquo;utilisation permettant une \u00e9conomie d&rsquo;\u00e9nergie d&rsquo;environ 50%* par rapport aux aspirateurs \u00e0 vitesse constante. <strong>Turbo Smart est un concentr\u00e9 de technologie innovante, projet\u00e9 pour r\u00e9pondre aux exigences professionnelles et en m\u00eame temps aux crit\u00e8res de durabilit\u00e9 environnementale.<\/strong><\/p>\n<h3>ECRAN POUR LE DIALOGUE<\/h3>\n<p>En agissant sur le clavier, \u00e0 travers des op\u00e9rations simples et faciles, on peut v\u00e9rifier l&rsquo;\u00e9tat de fonctionnement de l&rsquo;installation. L&rsquo;aspirateur est dot\u00e9 d&rsquo;une m\u00e9moire historique des \u00e9v\u00e9nements et une analyse technique approfondie permet d&rsquo;effectuer un diagnostic pr\u00e9cis des anomalies \u00e9ventuelles.<\/p>\n<h3>CONNEXION WI-FI<\/h3>\n<p>On peut se connecter sans fils par Tablet ou Smartphone (SmartApp): l&rsquo;op\u00e9rateur peut contr\u00f4ler et modifier, m\u00eame \u00e0 distance le fonctionnement de l&rsquo;aspirateur, sans quitter son poste de travail. Les modernes technologies sont indispensables pour obtenir de nouvelles prestations professionnelles telles que: la programmation et le contr\u00f4le de la pression, du d\u00e9bit et de la pression lin\u00e9aire durant les interventions, la connexion \u00e0 l&rsquo;ordinateur du cabinet et au service d&rsquo;assistance. En particulier, nous recommandons cette connexion, qui est gratuite et sert \u00e0 pr\u00e9venir les pannes plut\u00f4t que les r\u00e9parer lorsque l&rsquo;aspirateur a subi pendant des mois ou m\u00eame des ann\u00e9es des dysfonctionnements sans que personne s&rsquo;en aper\u00e7oive.<\/p>\n<h3>DE LA PETITE A LA GRANDE INSTALLATION, TURBO SMART EST LA REPONSE A TOUTE EXIGENCE.<\/h3>\n<p>Autres prestations: Turbo Smart peut \u00eatre mont\u00e9 en parall\u00e8le sans p\u00e9riph\u00e9riques et sans r\u00e9ducteur. En saisissant un mot de passe, qui permet de transformer Turbo Smart version \u00ab\u00a0A\u00a0\u00bb (2 fauteuils) en Turbo Smart \u00ab\u00a0B\u00a0\u00bb (3-4 fauteuils en aspiration simultan\u00e9e), on peut, \u00e0 tout moment, le faire avec des machines neuves ou usag\u00e9es. La pression peut \u00eatre r\u00e9gul\u00e9e sur demande de l&rsquo;op\u00e9rateur.<\/p>\n<p><strong>En cons\u00e9quence<\/strong> : Avec Turbo Smart, le distributeur a toujours la machine appropri\u00e9e \u00e0 n&rsquo;importe quelle demande, le client re\u00e7oit toujours l&rsquo;aspirateur qu&rsquo;il souhaite. Aussi bien le vendeur que le client n&rsquo;a jamais de probl\u00e8me de choix.<\/p>\n<p><strong>Le r\u00e9sultat<\/strong> : Une \u00e9conomie significative pour tous !<\/p>\n<h3><\/h3>\n<table width=\"100%\">\n<tbody>\n<tr>\n<td style=\"width: 60%;\" data-mce-style=\"width: 60%;\">Largeur<\/td>\n<td style=\"width: 40%;\" data-mce-style=\"width: 40%;\">390 mm\n<\/td>\n<\/tr>\n<tr>\n<td style=\"width: 60%;\" data-mce-style=\"width: 60%;\">Profondeur<\/td>\n<td style=\"width: 40%;\" data-mce-style=\"width: 40%;\">350 mm<\/td>\n<\/tr>\n<tr>\n<td style=\"width: 60%;\" data-mce-style=\"width: 60%;\">Hauteur<\/td>\n<td style=\"width: 40%;\" data-mce-style=\"width: 40%;\">630 mm<\/td>\n<\/tr>\n<tr>\n<td style=\"width: 60%;\" data-mce-style=\"width: 60%;\">Pression maximum pour le service continu<\/td>\n<td style=\"width: 40%;\" data-mce-style=\"width: 40%;\">210 mbar<\/td>\n<\/tr>\n<tr>\n<td style=\"width: 60%;\" data-mce-style=\"width: 60%;\">D\u00e9bit maximum<\/td>\n<td style=\"width: 40%;\" data-mce-style=\"width: 40%;\">1400 l\/min<\/td>\n<\/tr>\n<\/tbody>\n<\/table>\n","protected":false},"excerpt":{"rendered":"<p>Turbo Smart est une machine qui communique constamment les conditions de travail et qui est automatiquement r\u00e9active en pr\u00e9sence de difficult\u00e9s environnementales, d&rsquo;alimentation ou d&rsquo;utilisation. En effet, Turbo Smart entre en autoprotection active lorsque l&rsquo;aspirateur est sollicit\u00e9 par un \u00e9v\u00e9nement qui pourrait l&rsquo;endommager tel que la surcharge ou la temp\u00e9rature \u00e9lev\u00e9e. Si ces \u00e9v\u00e9nements se [&hellip;]<\/p>\n","protected":false},"featured_media":41290,"comment_status":"open","ping_status":"closed","template":"","meta":[],"product_cat":[1444],"product_tag":[1566,1493,711,1483,1569,1452,815],"class_list":{"0":"post-41035","1":"product","2":"type-product","3":"status-publish","4":"has-post-thumbnail","6":"product_cat-non-classe","7":"product_tag-appareils","8":"product_tag-aspiration","9":"product_tag-aspirations-et-compresseurs","10":"product_tag-le-cabinet","11":"product_tag-les-appareils","12":"product_tag-omnipratique","13":"product_tag-systeme-daspiration","15":"first","16":"instock","17":"shipping-taxable","18":"purchasable","19":"product-type-variable"},"_links":{"self":[{"href":"https:\/\/dentafrica.com\/index.php?rest_route=\/wp\/v2\/product\/41035","targetHints":{"allow":["GET"]}}],"collection":[{"href":"https:\/\/dentafrica.com\/index.php?rest_route=\/wp\/v2\/product"}],"about":[{"href":"https:\/\/dentafrica.com\/index.php?rest_route=\/wp\/v2\/types\/product"}],"replies":[{"embeddable":true,"href":"https:\/\/dentafrica.com\/index.php?rest_route=%2Fwp%2Fv2%2Fcomments&post=41035"}],"wp:featuredmedia":[{"embeddable":true,"href":"https:\/\/dentafrica.com\/index.php?rest_route=\/wp\/v2\/media\/41290"}],"wp:attachment":[{"href":"https:\/\/dentafrica.com\/index.php?rest_route=%2Fwp%2Fv2%2Fmedia&parent=41035"}],"wp:term":[{"taxonomy":"product_cat","embeddable":true,"href":"https:\/\/dentafrica.com\/index.php?rest_route=%2Fwp%2Fv2%2Fproduct_cat&post=41035"},{"taxonomy":"product_tag","embeddable":true,"href":"https:\/\/dentafrica.com\/index.php?rest_route=%2Fwp%2Fv2%2Fproduct_tag&post=41035"}],"curies":[{"name":"wp","href":"https:\/\/api.w.org\/{rel}","templated":true}]}}