{"id":41009,"date":"2023-06-26T15:27:24","date_gmt":"2023-06-26T15:27:24","guid":{"rendered":"https:\/\/dentafrica.com\/?product=arti-spot-indicateur-highspots-bausch"},"modified":"2024-04-25T17:42:02","modified_gmt":"2024-04-25T17:42:02","slug":"arti-spot-indicateur-highspots-bausch","status":"publish","type":"product","link":"https:\/\/dentafrica.com\/?product=arti-spot-indicateur-highspots-bausch","title":{"rendered":"Arti-Spot Indicateur highspots &#8211; Bausch"},"content":{"rendered":"<p>Arti-Spot de\u00a0Bausch est un indicateur hightspots.<\/p>\n<p>Contr\u00f4le des surfaces de frictions \u00e0 l&rsquo;insertion en proth\u00e8se conjointe ou adjointe. Contr\u00f4le occlusal possible. Application au pinceau de 3\u00b5decolorant. Nettoyage \u00e0 l&rsquo;eau ou brossage sur mod\u00e8les.<\/p>\n<p>Flacon de 15ml.<\/p>\n<p>Disponible en 3 type :<\/p>\n<ul>\n<li>BK 85 Blanc pour m\u00e9taux<\/li>\n<li>BK 86 Rouge pour c\u00e9ramique<\/li>\n<li>BK 87 Bleu pour frictions<\/li>\n<\/ul>\n","protected":false},"excerpt":{"rendered":"<p>Arti-Spot de\u00a0Bausch est un indicateur hightspots. Contr\u00f4le des surfaces de frictions \u00e0 l&rsquo;insertion en proth\u00e8se conjointe ou adjointe. Contr\u00f4le occlusal possible. Application au pinceau de 3\u00b5decolorant. Nettoyage \u00e0 l&rsquo;eau ou brossage sur mod\u00e8les. Flacon de 15ml. Disponible en 3 type : BK 85 Blanc pour m\u00e9taux BK 86 Rouge pour c\u00e9ramique BK 87 Bleu pour [&hellip;]<\/p>\n","protected":false},"featured_media":41264,"comment_status":"open","ping_status":"closed","template":"","meta":[],"product_cat":[1444],"product_tag":[1509,1637,1475,745,746,1452,1640,1641,1477,1571,1453,1456,1468,1512],"class_list":{"0":"post-41009","1":"product","2":"type-product","3":"status-publish","4":"has-post-thumbnail","6":"product_cat-non-classe","7":"product_tag-accessoires-restauration","8":"product_tag-fournitures-laboratoire","9":"product_tag-laboratoire","10":"product_tag-marque_bausch","11":"product_tag-occlusion_indicateur","12":"product_tag-omnipratique","13":"product_tag-outillage","14":"product_tag-papier-docclusion","15":"product_tag-petits-consommables","16":"product_tag-prise-dempreinte","17":"product_tag-produits-annexes","18":"product_tag-restauration-ciments","19":"product_tag-safe-implant","20":"product_tag-specialite_restauration","22":"first","23":"instock","24":"shipping-taxable","25":"purchasable","26":"product-type-variable"},"_links":{"self":[{"href":"https:\/\/dentafrica.com\/index.php?rest_route=\/wp\/v2\/product\/41009","targetHints":{"allow":["GET"]}}],"collection":[{"href":"https:\/\/dentafrica.com\/index.php?rest_route=\/wp\/v2\/product"}],"about":[{"href":"https:\/\/dentafrica.com\/index.php?rest_route=\/wp\/v2\/types\/product"}],"replies":[{"embeddable":true,"href":"https:\/\/dentafrica.com\/index.php?rest_route=%2Fwp%2Fv2%2Fcomments&post=41009"}],"wp:featuredmedia":[{"embeddable":true,"href":"https:\/\/dentafrica.com\/index.php?rest_route=\/wp\/v2\/media\/41264"}],"wp:attachment":[{"href":"https:\/\/dentafrica.com\/index.php?rest_route=%2Fwp%2Fv2%2Fmedia&parent=41009"}],"wp:term":[{"taxonomy":"product_cat","embeddable":true,"href":"https:\/\/dentafrica.com\/index.php?rest_route=%2Fwp%2Fv2%2Fproduct_cat&post=41009"},{"taxonomy":"product_tag","embeddable":true,"href":"https:\/\/dentafrica.com\/index.php?rest_route=%2Fwp%2Fv2%2Fproduct_tag&post=41009"}],"curies":[{"name":"wp","href":"https:\/\/api.w.org\/{rel}","templated":true}]}}