{"id":40767,"date":"2023-06-26T15:25:54","date_gmt":"2023-06-26T15:25:54","guid":{"rendered":"https:\/\/dentafrica.com\/?product=analogue-digital-generique-large-mis-zimmer-alpha-bio-ab-dental"},"modified":"2024-04-25T17:41:38","modified_gmt":"2024-04-25T17:41:38","slug":"analogue-digital-generique-large-mis-zimmer-alpha-bio-ab-dental","status":"publish","type":"product","link":"https:\/\/dentafrica.com\/?product=analogue-digital-generique-large-mis-zimmer-alpha-bio-ab-dental","title":{"rendered":"Analogue digital g\u00e9n\u00e9rique large MIS\u00a9, Zimmer\u00a9, Alpha Bio\u00a9, A&rsquo;B Dental\u00a9"},"content":{"rendered":"<p><span style=\"font-size: 13px; color: #000000; font-weight: normal; text-decoration: none; font-family: Arial; font-style: normal;\">Analogue digital g\u00e9n\u00e9rique large (wide) compatible avec MIS\u00a9, Zimmer\u00a9, Alpha Bio\u00a9, A&rsquo;B Dental\u00a9. Fait en acier inoxydable de qualit\u00e9 m\u00e9dicale. Plateforme 4.5 4.7 &amp; 5 mm Toutes les marques cit\u00e9es appartiennent \u00e0 leurs propri\u00e9taires respectifs.<\/span><\/p>\n","protected":false},"excerpt":{"rendered":"<p>Analogue digital g\u00e9n\u00e9rique large (wide) compatible avec MIS\u00a9, Zimmer\u00a9, Alpha Bio\u00a9, A&rsquo;B Dental\u00a9. Fait en acier inoxydable de qualit\u00e9 m\u00e9dicale. Plateforme 4.5 4.7 &amp; 5 mm Toutes les marques cit\u00e9es appartiennent \u00e0 leurs propri\u00e9taires respectifs.<\/p>\n","protected":false},"featured_media":40929,"comment_status":"open","ping_status":"closed","template":"","meta":[],"product_cat":[1444],"product_tag":[1579,1589,1590,1591,1592,1593,1581,916,1594,1542,1595,917,1596,1597,1598,1468],"class_list":{"0":"post-40767","1":"product","2":"type-product","3":"status-publish","4":"has-post-thumbnail","6":"product_cat-non-classe","7":"product_tag-accastillage","8":"product_tag-compatible_ab-adin-swell-touareg-cortex-easy-implant","9":"product_tag-compatible_mis-lance-biocom-m4-seven","10":"product_tag-compatible_tav-dental-sirius-silhouette","11":"product_tag-connexion_hexagone-interne","12":"product_tag-hexagone-interne","13":"product_tag-implantologie","14":"product_tag-les-analogues","15":"product_tag-les-interfaces-scannables","16":"product_tag-marque_safe-implant","17":"product_tag-mis","18":"product_tag-modele_analogues","19":"product_tag-modele_interfaces-scannables","20":"product_tag-nos-interfaces-digitales","21":"product_tag-nos-suprastructures","22":"product_tag-safe-implant","24":"first","25":"instock","26":"shipping-taxable","27":"purchasable","28":"product-type-simple"},"_links":{"self":[{"href":"https:\/\/dentafrica.com\/index.php?rest_route=\/wp\/v2\/product\/40767","targetHints":{"allow":["GET"]}}],"collection":[{"href":"https:\/\/dentafrica.com\/index.php?rest_route=\/wp\/v2\/product"}],"about":[{"href":"https:\/\/dentafrica.com\/index.php?rest_route=\/wp\/v2\/types\/product"}],"replies":[{"embeddable":true,"href":"https:\/\/dentafrica.com\/index.php?rest_route=%2Fwp%2Fv2%2Fcomments&post=40767"}],"wp:featuredmedia":[{"embeddable":true,"href":"https:\/\/dentafrica.com\/index.php?rest_route=\/wp\/v2\/media\/40929"}],"wp:attachment":[{"href":"https:\/\/dentafrica.com\/index.php?rest_route=%2Fwp%2Fv2%2Fmedia&parent=40767"}],"wp:term":[{"taxonomy":"product_cat","embeddable":true,"href":"https:\/\/dentafrica.com\/index.php?rest_route=%2Fwp%2Fv2%2Fproduct_cat&post=40767"},{"taxonomy":"product_tag","embeddable":true,"href":"https:\/\/dentafrica.com\/index.php?rest_route=%2Fwp%2Fv2%2Fproduct_tag&post=40767"}],"curies":[{"name":"wp","href":"https:\/\/api.w.org\/{rel}","templated":true}]}}