{"id":40762,"date":"2023-06-26T15:25:51","date_gmt":"2023-06-26T15:25:51","guid":{"rendered":"https:\/\/dentafrica.com\/?product=analogue-compatible-soft-tissue-level"},"modified":"2024-04-25T17:41:39","modified_gmt":"2024-04-25T17:41:39","slug":"analogue-compatible-soft-tissue-level","status":"publish","type":"product","link":"https:\/\/dentafrica.com\/?product=analogue-compatible-soft-tissue-level","title":{"rendered":"Analogue compatible Soft Tissue Level\u2122"},"content":{"rendered":"<p>Analogue g\u00e9n\u00e9rique en titane, compatible avec la marque\u00a0<strong>Straumann\u2122\u00a0<\/strong>sur les implants <strong>Soft tissue Level\u2122\u00a0en diam\u00e8tre 4,8<strong><strong><strong><strong><strong>0 &#8211; Regular Neck et\u00a06,50\u00a0mm &#8211; Wide Neck.<\/strong><\/strong><\/strong><\/strong><\/strong><\/strong><\/p>\n<p><strong>Ils se d\u00e9clinent en 2 diam\u00e8tres diff\u00e9rents :<\/strong><\/p>\n<ul>\n<li>4,80 mm &#8211; RN\u00a0<\/li>\n<li>6,50 mm &#8211; WN<\/li>\n<\/ul>\n<h5><strong>Toutes les marques cit\u00e9es appartiennent \u00e0 leurs propri\u00e9taires respectifs.<br \/>The mentionned trademarks are property of their respective owners.<\/strong><\/h5>\n","protected":false},"excerpt":{"rendered":"<p>Analogue g\u00e9n\u00e9rique en titane, compatible avec la marque\u00a0Straumann\u2122\u00a0sur les implants Soft tissue Level\u2122\u00a0en diam\u00e8tre 4,80 &#8211; Regular Neck et\u00a06,50\u00a0mm &#8211; Wide Neck. Ils se d\u00e9clinent en 2 diam\u00e8tres diff\u00e9rents : 4,80 mm &#8211; RN\u00a0 6,50 mm &#8211; WN Toutes les marques cit\u00e9es appartiennent \u00e0 leurs propri\u00e9taires respectifs.The mentionned trademarks are property of their respective owners.<\/p>\n","protected":false},"featured_media":40914,"comment_status":"open","ping_status":"closed","template":"","meta":[],"product_cat":[1444],"product_tag":[1579,1581,916,1542,917,1582,1468,668,926],"class_list":{"0":"post-40762","1":"product","2":"type-product","3":"status-publish","4":"has-post-thumbnail","6":"product_cat-non-classe","7":"product_tag-accastillage","8":"product_tag-implantologie","9":"product_tag-les-analogues","10":"product_tag-marque_safe-implant","11":"product_tag-modele_analogues","12":"product_tag-nos-solutions-generiques","13":"product_tag-safe-implant","14":"product_tag-straumann","15":"product_tag-straumann-soft-tissue-level","17":"first","18":"instock","19":"shipping-taxable","20":"purchasable","21":"product-type-variable"},"_links":{"self":[{"href":"https:\/\/dentafrica.com\/index.php?rest_route=\/wp\/v2\/product\/40762","targetHints":{"allow":["GET"]}}],"collection":[{"href":"https:\/\/dentafrica.com\/index.php?rest_route=\/wp\/v2\/product"}],"about":[{"href":"https:\/\/dentafrica.com\/index.php?rest_route=\/wp\/v2\/types\/product"}],"replies":[{"embeddable":true,"href":"https:\/\/dentafrica.com\/index.php?rest_route=%2Fwp%2Fv2%2Fcomments&post=40762"}],"wp:featuredmedia":[{"embeddable":true,"href":"https:\/\/dentafrica.com\/index.php?rest_route=\/wp\/v2\/media\/40914"}],"wp:attachment":[{"href":"https:\/\/dentafrica.com\/index.php?rest_route=%2Fwp%2Fv2%2Fmedia&parent=40762"}],"wp:term":[{"taxonomy":"product_cat","embeddable":true,"href":"https:\/\/dentafrica.com\/index.php?rest_route=%2Fwp%2Fv2%2Fproduct_cat&post=40762"},{"taxonomy":"product_tag","embeddable":true,"href":"https:\/\/dentafrica.com\/index.php?rest_route=%2Fwp%2Fv2%2Fproduct_tag&post=40762"}],"curies":[{"name":"wp","href":"https:\/\/api.w.org\/{rel}","templated":true}]}}