{"id":40644,"date":"2023-06-26T15:24:58","date_gmt":"2023-06-26T15:24:58","guid":{"rendered":"https:\/\/dentafrica.com\/?product=aiguilles-danesthesie-steriles-boite-de-100-3m"},"modified":"2024-04-25T17:41:31","modified_gmt":"2024-04-25T17:41:31","slug":"aiguilles-danesthesie-steriles-boite-de-100-3m","status":"publish","type":"product","link":"https:\/\/dentafrica.com\/?product=aiguilles-danesthesie-steriles-boite-de-100-3m","title":{"rendered":"Aiguilles d&rsquo;anesth\u00e9sie st\u00e9riles (bo\u00eete de 100) &#8211; 3M"},"content":{"rendered":"<p>Aiguille triple biseau silicon\u00e9e avec rep\u00e8re d&rsquo;orientation, sous blister st\u00e9rile.<br data-mce-fragment=\"1\"><br data-mce-fragment=\"1\">La bo\u00eete de 100 aiguilles.<\/p>\n","protected":false},"excerpt":{"rendered":"<p>Aiguille triple biseau silicon\u00e9e avec rep\u00e8re d&rsquo;orientation, sous blister st\u00e9rile.La bo\u00eete de 100 aiguilles.<\/p>\n","protected":false},"featured_media":40773,"comment_status":"open","ping_status":"closed","template":"","meta":[],"product_cat":[1444],"product_tag":[607,784,608,626,1466,1453,1500,1469],"class_list":{"0":"post-40644","1":"product","2":"type-product","3":"status-publish","4":"has-post-thumbnail","6":"product_cat-non-classe","7":"product_tag-aiguille-anesthesie","8":"product_tag-anesthesie","9":"product_tag-anesthesie_aiguille","10":"product_tag-marque_3m","11":"product_tag-pharmacie-usage-unique","12":"product_tag-produits-annexes","13":"product_tag-seringues-et-aiguilles","14":"product_tag-usage-unique","16":"first","17":"instock","18":"shipping-taxable","19":"purchasable","20":"product-type-variable"},"_links":{"self":[{"href":"https:\/\/dentafrica.com\/index.php?rest_route=\/wp\/v2\/product\/40644","targetHints":{"allow":["GET"]}}],"collection":[{"href":"https:\/\/dentafrica.com\/index.php?rest_route=\/wp\/v2\/product"}],"about":[{"href":"https:\/\/dentafrica.com\/index.php?rest_route=\/wp\/v2\/types\/product"}],"replies":[{"embeddable":true,"href":"https:\/\/dentafrica.com\/index.php?rest_route=%2Fwp%2Fv2%2Fcomments&post=40644"}],"wp:featuredmedia":[{"embeddable":true,"href":"https:\/\/dentafrica.com\/index.php?rest_route=\/wp\/v2\/media\/40773"}],"wp:attachment":[{"href":"https:\/\/dentafrica.com\/index.php?rest_route=%2Fwp%2Fv2%2Fmedia&parent=40644"}],"wp:term":[{"taxonomy":"product_cat","embeddable":true,"href":"https:\/\/dentafrica.com\/index.php?rest_route=%2Fwp%2Fv2%2Fproduct_cat&post=40644"},{"taxonomy":"product_tag","embeddable":true,"href":"https:\/\/dentafrica.com\/index.php?rest_route=%2Fwp%2Fv2%2Fproduct_tag&post=40644"}],"curies":[{"name":"wp","href":"https:\/\/api.w.org\/{rel}","templated":true}]}}