{"id":40626,"date":"2023-06-26T15:24:53","date_gmt":"2023-06-26T15:24:53","guid":{"rendered":"https:\/\/dentafrica.com\/?product=aiguilles-kent-dental"},"modified":"2024-04-25T17:41:27","modified_gmt":"2024-04-25T17:41:27","slug":"aiguilles-kent-dental","status":"publish","type":"product","link":"https:\/\/dentafrica.com\/?product=aiguilles-kent-dental","title":{"rendered":"Aiguilles &#8211; Kent Dental"},"content":{"rendered":"<ul>\n<li>enduction silicon\u00e9e<\/li>\n<li>Triple biseau<\/li>\n<\/ul>\n<p>Normes Europ\u00e9ennes.\u00a0<\/p>\n<p><strong>Propri\u00e9t\u00e9s :<\/strong><\/p>\n<ul>\n<li>St\u00e9rilis\u00e9es \u00e0 l&rsquo;oxyde d&rsquo;\u00e9thyl\u00e8ne, conformes \u00e0 la Pharmacop\u00e9e Fran\u00e7aise.<\/li>\n<li>Acier inoxydable. Indicateur de biseau.\u00a0<\/li>\n<\/ul>\n<p>Dispositif m\u00e9dical de classe lla. Marquage CE0120. Fabricant : CFPM<\/p>\n<table width=\"100%\">\n<tbody>\n<tr>\n<td>Type<\/td>\n<td>N\u00b0<\/td>\n<td><span>\u2205, mm<\/span><\/td>\n<td>\u00a0L,mm<\/td>\n<td>Couleur<\/td>\n<\/tr>\n<tr>\n<td>Tronculaire<\/td>\n<td>27 G<\/td>\n<td>0,40<\/td>\n<td>35<\/td>\n<td>gris<\/td>\n<\/tr>\n<tr>\n<td>Para-apicale<\/td>\n<td>\n<p>27 G<\/p>\n<p>27 G<\/p>\n<\/td>\n<td>\n<p>0,40<\/p>\n<p>0,40<\/p>\n<\/td>\n<td>\n<p>23<\/p>\n<p>16<\/p>\n<\/td>\n<td>\n<p>gris<\/p>\n<p>gris<\/p>\n<\/td>\n<\/tr>\n<tr>\n<td>\n<span>Para<\/span><span>&#8211;<\/span><span>apicale fine<\/span>\n<\/td>\n<td>\n<p>30 G<\/p>\n<p>30 G<\/p>\n<\/td>\n<td>\n<p>0,30<\/p>\n<p>0,30<\/p>\n<\/td>\n<td>\n<p>21<\/p>\n<p>16<\/p>\n<\/td>\n<td>\n<p>jaune<\/p>\n<p>jaune<\/p>\n<\/td>\n<\/tr>\n<tr>\n<td>Intraseptale et intraligamentaire<\/td>\n<td>\n<p>27 G<\/p>\n<p>30 G<\/p>\n<\/td>\n<td>\n<p>0,40<\/p>\n<p>0,30<\/p>\n<\/td>\n<td>\n<p>8<\/p>\n<p>12<\/p>\n<\/td>\n<td>\n<p>gris<\/p>\n<p>jaune<\/p>\n<\/td>\n<\/tr>\n<\/tbody>\n<\/table>\n","protected":false},"excerpt":{"rendered":"<p>enduction silicon\u00e9e Triple biseau Normes Europ\u00e9ennes.\u00a0 Propri\u00e9t\u00e9s : St\u00e9rilis\u00e9es \u00e0 l&rsquo;oxyde d&rsquo;\u00e9thyl\u00e8ne, conformes \u00e0 la Pharmacop\u00e9e Fran\u00e7aise. Acier inoxydable. Indicateur de biseau.\u00a0 Dispositif m\u00e9dical de classe lla. Marquage CE0120. Fabricant : CFPM Type N\u00b0 \u2205, mm \u00a0L,mm Couleur Tronculaire 27 G 0,40 35 gris Para-apicale 27 G 27 G 0,40 0,40 23 16 gris gris [&hellip;]<\/p>\n","protected":false},"featured_media":40749,"comment_status":"open","ping_status":"closed","template":"","meta":[],"product_cat":[1444],"product_tag":[607,608,1551,1466,1453,1500],"class_list":{"0":"post-40626","1":"product","2":"type-product","3":"status-publish","4":"has-post-thumbnail","6":"product_cat-non-classe","7":"product_tag-aiguille-anesthesie","8":"product_tag-anesthesie_aiguille","9":"product_tag-marque_kent-dental","10":"product_tag-pharmacie-usage-unique","11":"product_tag-produits-annexes","12":"product_tag-seringues-et-aiguilles","14":"first","15":"instock","16":"shipping-taxable","17":"purchasable","18":"product-type-variable"},"_links":{"self":[{"href":"https:\/\/dentafrica.com\/index.php?rest_route=\/wp\/v2\/product\/40626","targetHints":{"allow":["GET"]}}],"collection":[{"href":"https:\/\/dentafrica.com\/index.php?rest_route=\/wp\/v2\/product"}],"about":[{"href":"https:\/\/dentafrica.com\/index.php?rest_route=\/wp\/v2\/types\/product"}],"replies":[{"embeddable":true,"href":"https:\/\/dentafrica.com\/index.php?rest_route=%2Fwp%2Fv2%2Fcomments&post=40626"}],"wp:featuredmedia":[{"embeddable":true,"href":"https:\/\/dentafrica.com\/index.php?rest_route=\/wp\/v2\/media\/40749"}],"wp:attachment":[{"href":"https:\/\/dentafrica.com\/index.php?rest_route=%2Fwp%2Fv2%2Fmedia&parent=40626"}],"wp:term":[{"taxonomy":"product_cat","embeddable":true,"href":"https:\/\/dentafrica.com\/index.php?rest_route=%2Fwp%2Fv2%2Fproduct_cat&post=40626"},{"taxonomy":"product_tag","embeddable":true,"href":"https:\/\/dentafrica.com\/index.php?rest_route=%2Fwp%2Fv2%2Fproduct_tag&post=40626"}],"curies":[{"name":"wp","href":"https:\/\/api.w.org\/{rel}","templated":true}]}}