{"id":40622,"date":"2023-06-26T15:24:49","date_gmt":"2023-06-26T15:24:49","guid":{"rendered":"https:\/\/dentafrica.com\/?product=adper-scotchbond-multi-purpose-plus-catalyseur-4-ml-3m"},"modified":"2024-04-25T17:41:26","modified_gmt":"2024-04-25T17:41:26","slug":"adper-scotchbond-multi-purpose-plus-catalyseur-4-ml-3m","status":"publish","type":"product","link":"https:\/\/dentafrica.com\/?product=adper-scotchbond-multi-purpose-plus-catalyseur-4-ml-3m","title":{"rendered":"Adper Scotchbond Multi-Purpose Plus Catalyseur 4 ml &#8211; 3M"},"content":{"rendered":"<p>R\u00e9pond \u00e0 tous les besoins de collage par auto et\/ou photopolym\u00e9risation.\u00a0<\/p>\n<p>Sur \u00e9mail dentine, composite, amalgame dur, verre ionom\u00e8re hybride, c\u00e9ramique, alliages pr\u00e9cieux, semi pr\u00e9cieux ou non pr\u00e9cieux.<\/p>\n<p>Collage de restauration directe ou indirecte.<\/p>\n<p>Flacon de 4 ml.<\/p>\n","protected":false},"excerpt":{"rendered":"<p>R\u00e9pond \u00e0 tous les besoins de collage par auto et\/ou photopolym\u00e9risation.\u00a0 Sur \u00e9mail dentine, composite, amalgame dur, verre ionom\u00e8re hybride, c\u00e9ramique, alliages pr\u00e9cieux, semi pr\u00e9cieux ou non pr\u00e9cieux. Collage de restauration directe ou indirecte. Flacon de 4 ml.<\/p>\n","protected":false},"featured_media":40737,"comment_status":"open","ping_status":"closed","template":"","meta":[],"product_cat":[1444],"product_tag":[1552,626,1451,1453,1557,1456,1512,1517],"class_list":{"0":"post-40622","1":"product","2":"type-product","3":"status-publish","4":"has-post-thumbnail","6":"product_cat-non-classe","7":"product_tag-adhesif","8":"product_tag-marque_3m","9":"product_tag-materiaux","10":"product_tag-produits-annexes","11":"product_tag-restauration","12":"product_tag-restauration-ciments","13":"product_tag-specialite_restauration","14":"product_tag-type_adhesif","16":"first","17":"instock","18":"shipping-taxable","19":"purchasable","20":"product-type-simple"},"_links":{"self":[{"href":"https:\/\/dentafrica.com\/index.php?rest_route=\/wp\/v2\/product\/40622","targetHints":{"allow":["GET"]}}],"collection":[{"href":"https:\/\/dentafrica.com\/index.php?rest_route=\/wp\/v2\/product"}],"about":[{"href":"https:\/\/dentafrica.com\/index.php?rest_route=\/wp\/v2\/types\/product"}],"replies":[{"embeddable":true,"href":"https:\/\/dentafrica.com\/index.php?rest_route=%2Fwp%2Fv2%2Fcomments&post=40622"}],"wp:featuredmedia":[{"embeddable":true,"href":"https:\/\/dentafrica.com\/index.php?rest_route=\/wp\/v2\/media\/40737"}],"wp:attachment":[{"href":"https:\/\/dentafrica.com\/index.php?rest_route=%2Fwp%2Fv2%2Fmedia&parent=40622"}],"wp:term":[{"taxonomy":"product_cat","embeddable":true,"href":"https:\/\/dentafrica.com\/index.php?rest_route=%2Fwp%2Fv2%2Fproduct_cat&post=40622"},{"taxonomy":"product_tag","embeddable":true,"href":"https:\/\/dentafrica.com\/index.php?rest_route=%2Fwp%2Fv2%2Fproduct_tag&post=40622"}],"curies":[{"name":"wp","href":"https:\/\/api.w.org\/{rel}","templated":true}]}}