{"id":40578,"date":"2023-06-26T15:24:28","date_gmt":"2023-06-26T15:24:28","guid":{"rendered":"https:\/\/dentafrica.com\/?product=addisoft-kent-dental"},"modified":"2024-04-25T17:41:23","modified_gmt":"2024-04-25T17:41:23","slug":"addisoft-kent-dental","status":"publish","type":"product","link":"https:\/\/dentafrica.com\/?product=addisoft-kent-dental","title":{"rendered":"AddiSoft &#8211; Kent-Dental"},"content":{"rendered":"<p><span data-mce-fragment=\"1\">Silicone par addition de type Vinyl Polysiloxane pour des empreintes de haute pr\u00e9cision.<\/span><\/p>\n<p><br data-mce-fragment=\"1\"><span data-mce-fragment=\"1\"><strong>Indication:<\/strong> Pour les empreintes de base dans la technique de l\u2019empreinte en un temps (double m\u00e9lange) ou comme empreinte primaire dans la technique de l\u2019empreinte en deux temps (\u00ab wash technic \u00bb ou \u00ab empreinte corrig\u00e9e\u00bb).<\/span><\/p>\n<p><br data-mce-fragment=\"1\"><span data-mce-fragment=\"1\"><strong>Propri\u00e9t\u00e9s: <\/strong><\/span><\/p>\n<ul>\n<li><span data-mce-fragment=\"1\">Texture douce et agr\u00e9able au m\u00e9lange. Les propri\u00e9t\u00e9s m\u00e9caniques du produit r\u00e9ticul\u00e9 et la reproduction des d\u00e9tails sont excellentes.<\/span><\/li>\n<li><span data-mce-fragment=\"1\"> AddiSoft pr\u00e9sente une faible r\u00e9traction lin\u00e9aire (&lt; 0,20%). Hautement hydrophile, ce qui permet une pr\u00e9cision sup\u00e9rieure et diminue le risque de d\u00e9fauts.<\/span><\/li>\n<li><span data-mce-fragment=\"1\"> Haute r\u00e9sistance aux agents inorganiques et aux rayons U.V. <\/span><\/li>\n<li><span data-mce-fragment=\"1\">Bonne stabilit\u00e9 dimensionnelle.<\/span><\/li>\n<li><span data-mce-fragment=\"1\"> Bonnes propri\u00e9t\u00e9s de mouillabilit\u00e9 avec les r\u00e9sines et le pl\u00e2tre. <\/span><\/li>\n<li><span data-mce-fragment=\"1\">La d\u00e9sinfection se fait ais\u00e9ment, sans risque d\u2019alt\u00e9rer l\u2019empreinte. <\/span><\/li>\n<li><span data-mce-fragment=\"1\">Possibilit\u00e9 de couler plusieurs mod\u00e8les \u00e0 partir d\u2019une m\u00eame empreinte, sans risque de d\u00e9formation. <\/span><\/li>\n<li><span data-mce-fragment=\"1\">Excellente r\u00e9sistance m\u00e9canique : d\u00e9sinsertion facile de l\u2019empreinte sans d\u00e9formation ni d\u00e9chirement. Bonne thixotropie du Light.<\/span><\/li>\n<\/ul>\n<p><br data-mce-fragment=\"1\"><span data-mce-fragment=\"1\">Dispositif m\u00e9dical de classe I. Fabricant : CFPM.<\/span><\/p>\n<table style=\"width: 100%;\" height=\"232\">\n<tbody>\n<tr>\n<td style=\"width: 57.9375px;\">\u00a0Viscosit\u00e9<\/td>\n<td style=\"width: 53.4375px;\">Prise<\/td>\n<td style=\"width: 46.1094px;\">couleur<\/td>\n<td style=\"width: 78.8125px;\">Temps de m\u00e9lange<\/td>\n<td style=\"width: 39.5312px;\">Temps de travail<\/td>\n<td style=\"width: 46.0781px;\">Temps en bouche<\/td>\n<td style=\"width: 92.8438px;\">Le coffret comprend<\/td>\n<\/tr>\n<tr>\n<td style=\"width: 57.9375px;\">Putty soft<\/td>\n<td style=\"width: 53.4375px;\">Normale<\/td>\n<td style=\"width: 46.1094px;\">bleu<\/td>\n<td style=\"width: 78.8125px;\">30 s<\/td>\n<td style=\"width: 39.5312px;\">2 min<\/td>\n<td style=\"width: 46.0781px;\">3 min 30 s<\/td>\n<td style=\"width: 92.8438px;\">450 ml de base, 450 ml de catalyseur<\/td>\n<\/tr>\n<tr>\n<td style=\"width: 57.9375px;\">Light<\/td>\n<td style=\"width: 53.4375px;\">Normale<\/td>\n<td style=\"width: 46.1094px;\">vert<\/td>\n<td style=\"width: 78.8125px;\">m\u00e9lange automatique<\/td>\n<td style=\"width: 39.5312px;\">2 min<\/td>\n<td style=\"width: 46.0781px;\">3 min 30 s<\/td>\n<td style=\"width: 92.8438px;\">2 cartouches d&rsquo;autom\u00e9lange de 50 ml,12 embouts m\u00e9langeurs<\/td>\n<\/tr>\n<\/tbody>\n<\/table>\n","protected":false},"excerpt":{"rendered":"<p>Silicone par addition de type Vinyl Polysiloxane pour des empreintes de haute pr\u00e9cision. Indication: Pour les empreintes de base dans la technique de l\u2019empreinte en un temps (double m\u00e9lange) ou comme empreinte primaire dans la technique de l\u2019empreinte en deux temps (\u00ab wash technic \u00bb ou \u00ab empreinte corrig\u00e9e\u00bb). Propri\u00e9t\u00e9s: Texture douce et agr\u00e9able au [&hellip;]<\/p>\n","protected":false},"featured_media":40681,"comment_status":"open","ping_status":"closed","template":"","meta":[],"product_cat":[1444],"product_tag":[1551],"class_list":{"0":"post-40578","1":"product","2":"type-product","3":"status-publish","4":"has-post-thumbnail","6":"product_cat-non-classe","7":"product_tag-marque_kent-dental","9":"first","10":"instock","11":"shipping-taxable","12":"purchasable","13":"product-type-variable"},"_links":{"self":[{"href":"https:\/\/dentafrica.com\/index.php?rest_route=\/wp\/v2\/product\/40578","targetHints":{"allow":["GET"]}}],"collection":[{"href":"https:\/\/dentafrica.com\/index.php?rest_route=\/wp\/v2\/product"}],"about":[{"href":"https:\/\/dentafrica.com\/index.php?rest_route=\/wp\/v2\/types\/product"}],"replies":[{"embeddable":true,"href":"https:\/\/dentafrica.com\/index.php?rest_route=%2Fwp%2Fv2%2Fcomments&post=40578"}],"wp:featuredmedia":[{"embeddable":true,"href":"https:\/\/dentafrica.com\/index.php?rest_route=\/wp\/v2\/media\/40681"}],"wp:attachment":[{"href":"https:\/\/dentafrica.com\/index.php?rest_route=%2Fwp%2Fv2%2Fmedia&parent=40578"}],"wp:term":[{"taxonomy":"product_cat","embeddable":true,"href":"https:\/\/dentafrica.com\/index.php?rest_route=%2Fwp%2Fv2%2Fproduct_cat&post=40578"},{"taxonomy":"product_tag","embeddable":true,"href":"https:\/\/dentafrica.com\/index.php?rest_route=%2Fwp%2Fv2%2Fproduct_tag&post=40578"}],"curies":[{"name":"wp","href":"https:\/\/api.w.org\/{rel}","templated":true}]}}