{"id":40433,"date":"2023-06-26T15:23:31","date_gmt":"2023-06-26T15:23:31","guid":{"rendered":"https:\/\/dentafrica.com\/?product=15-rouleaux-de-cotons-salivaires-300g-type-1-diametre-8mm"},"modified":"2024-04-25T17:41:09","modified_gmt":"2024-04-25T17:41:09","slug":"15-rouleaux-de-cotons-salivaires-300g-type-1-diametre-8mm","status":"publish","type":"product","link":"https:\/\/dentafrica.com\/?product=15-rouleaux-de-cotons-salivaires-300g-type-1-diametre-8mm","title":{"rendered":"15 rouleaux de cotons salivaires 300g type 1 : diam\u00e8tre 8mm"},"content":{"rendered":"<style type=\"text\/css\"><!--\ntd {border: 1px solid #ccc;}br {mso-data-placement:same-cell;}\n--><\/style>\n<p><span data-sheets-value='{\"1\":2,\"2\":\"ROULEAU SALIVAIREnRouleau salivaire en 100% coton.nA usage unique. Tr\u00e8s forte absorption. Ne peluche pas.nSt\u00e9rile : NON Dispositif m\u00e9dical - classe : I\"}' data-sheets-userformat='{\"2\":5119,\"3\":{\"1\":0},\"4\":{\"1\":2,\"2\":16767334},\"5\":{\"1\":[{\"1\":2,\"2\":0,\"5\":{\"1\":2,\"2\":0}},{\"1\":0,\"2\":0,\"3\":3},{\"1\":1,\"2\":0,\"4\":1}]},\"6\":{\"1\":[{\"1\":2,\"2\":0,\"5\":{\"1\":2,\"2\":0}},{\"1\":0,\"2\":0,\"3\":3},{\"1\":1,\"2\":0,\"4\":1}]},\"7\":{\"1\":[{\"1\":2,\"2\":0,\"5\":{\"1\":2,\"2\":0}},{\"1\":0,\"2\":0,\"3\":3},{\"1\":1,\"2\":0,\"4\":1}]},\"8\":{\"1\":[{\"1\":2,\"2\":0,\"5\":{\"1\":2,\"2\":0}},{\"1\":0,\"2\":0,\"3\":3},{\"1\":1,\"2\":0,\"4\":1}]},\"9\":1,\"10\":1,\"11\":4,\"12\":0,\"15\":\"Arial\"}'>Rouleaux salivaires en 100% coton, 300g<\/span><\/p>\n<p><span data-sheets-value='{\"1\":2,\"2\":\"ROULEAU SALIVAIREnRouleau salivaire en 100% coton.nA usage unique. Tr\u00e8s forte absorption. Ne peluche pas.nSt\u00e9rile : NON Dispositif m\u00e9dical - classe : I\"}' data-sheets-userformat='{\"2\":5119,\"3\":{\"1\":0},\"4\":{\"1\":2,\"2\":16767334},\"5\":{\"1\":[{\"1\":2,\"2\":0,\"5\":{\"1\":2,\"2\":0}},{\"1\":0,\"2\":0,\"3\":3},{\"1\":1,\"2\":0,\"4\":1}]},\"6\":{\"1\":[{\"1\":2,\"2\":0,\"5\":{\"1\":2,\"2\":0}},{\"1\":0,\"2\":0,\"3\":3},{\"1\":1,\"2\":0,\"4\":1}]},\"7\":{\"1\":[{\"1\":2,\"2\":0,\"5\":{\"1\":2,\"2\":0}},{\"1\":0,\"2\":0,\"3\":3},{\"1\":1,\"2\":0,\"4\":1}]},\"8\":{\"1\":[{\"1\":2,\"2\":0,\"5\":{\"1\":2,\"2\":0}},{\"1\":0,\"2\":0,\"3\":3},{\"1\":1,\"2\":0,\"4\":1}]},\"9\":1,\"10\":1,\"11\":4,\"12\":0,\"15\":\"Arial\"}'><br \/>A usage unique. Tr\u00e8s forte absorption. Ne peluche pas.<br \/>St\u00e9rile : NON <\/span><\/p>\n<p><span data-sheets-value='{\"1\":2,\"2\":\"ROULEAU SALIVAIREnRouleau salivaire en 100% coton.nA usage unique. Tr\u00e8s forte absorption. Ne peluche pas.nSt\u00e9rile : NON Dispositif m\u00e9dical - classe : I\"}' data-sheets-userformat='{\"2\":5119,\"3\":{\"1\":0},\"4\":{\"1\":2,\"2\":16767334},\"5\":{\"1\":[{\"1\":2,\"2\":0,\"5\":{\"1\":2,\"2\":0}},{\"1\":0,\"2\":0,\"3\":3},{\"1\":1,\"2\":0,\"4\":1}]},\"6\":{\"1\":[{\"1\":2,\"2\":0,\"5\":{\"1\":2,\"2\":0}},{\"1\":0,\"2\":0,\"3\":3},{\"1\":1,\"2\":0,\"4\":1}]},\"7\":{\"1\":[{\"1\":2,\"2\":0,\"5\":{\"1\":2,\"2\":0}},{\"1\":0,\"2\":0,\"3\":3},{\"1\":1,\"2\":0,\"4\":1}]},\"8\":{\"1\":[{\"1\":2,\"2\":0,\"5\":{\"1\":2,\"2\":0}},{\"1\":0,\"2\":0,\"3\":3},{\"1\":1,\"2\":0,\"4\":1}]},\"9\":1,\"10\":1,\"11\":4,\"12\":0,\"15\":\"Arial\"}'>Dispositif m\u00e9dical &#8211; classe : I\u00a0<\/span><\/p>\n","protected":false},"excerpt":{"rendered":"<p>Rouleaux salivaires en 100% coton, 300g A usage unique. Tr\u00e8s forte absorption. Ne peluche pas.St\u00e9rile : NON Dispositif m\u00e9dical &#8211; classe : I\u00a0<\/p>\n","protected":false},"featured_media":40480,"comment_status":"open","ping_status":"closed","template":"","meta":[],"product_cat":[1444],"product_tag":[1472,1505,1474,796,1452,1506,1466,1453,1468,1503,1507,1508,1469],"class_list":{"0":"post-40433","1":"product","2":"type-product","3":"status-publish","4":"has-post-thumbnail","6":"product_cat-non-classe","7":"product_tag-cabinet","8":"product_tag-compresses","9":"product_tag-hygiene-et-entretien","10":"product_tag-marque_medistock","11":"product_tag-omnipratique","12":"product_tag-pansements","13":"product_tag-pharmacie-usage-unique","14":"product_tag-produits-annexes","15":"product_tag-safe-implant","16":"product_tag-serviettes-et-papier","17":"product_tag-type_coton-salivaire","18":"product_tag-type_cotons-salivaires","19":"product_tag-usage-unique","21":"first","22":"instock","23":"shipping-taxable","24":"purchasable","25":"product-type-simple"},"_links":{"self":[{"href":"https:\/\/dentafrica.com\/index.php?rest_route=\/wp\/v2\/product\/40433","targetHints":{"allow":["GET"]}}],"collection":[{"href":"https:\/\/dentafrica.com\/index.php?rest_route=\/wp\/v2\/product"}],"about":[{"href":"https:\/\/dentafrica.com\/index.php?rest_route=\/wp\/v2\/types\/product"}],"replies":[{"embeddable":true,"href":"https:\/\/dentafrica.com\/index.php?rest_route=%2Fwp%2Fv2%2Fcomments&post=40433"}],"wp:featuredmedia":[{"embeddable":true,"href":"https:\/\/dentafrica.com\/index.php?rest_route=\/wp\/v2\/media\/40480"}],"wp:attachment":[{"href":"https:\/\/dentafrica.com\/index.php?rest_route=%2Fwp%2Fv2%2Fmedia&parent=40433"}],"wp:term":[{"taxonomy":"product_cat","embeddable":true,"href":"https:\/\/dentafrica.com\/index.php?rest_route=%2Fwp%2Fv2%2Fproduct_cat&post=40433"},{"taxonomy":"product_tag","embeddable":true,"href":"https:\/\/dentafrica.com\/index.php?rest_route=%2Fwp%2Fv2%2Fproduct_tag&post=40433"}],"curies":[{"name":"wp","href":"https:\/\/api.w.org\/{rel}","templated":true}]}}