{"id":40403,"date":"2023-06-26T15:23:19","date_gmt":"2023-06-26T15:23:19","guid":{"rendered":"https:\/\/dentafrica.com\/?product=100-disques-smd-de-fkg-acteon"},"modified":"2024-04-25T17:41:08","modified_gmt":"2024-04-25T17:41:08","slug":"100-disques-smd-de-fkg-acteon","status":"publish","type":"product","link":"https:\/\/dentafrica.com\/?product=100-disques-smd-de-fkg-acteon","title":{"rendered":"100 disques SMD de FKG &#8211; ACTEON"},"content":{"rendered":"<p><span style=\"vertical-align: inherit;\"><span style=\"vertical-align: inherit;\"><span style=\"vertical-align: inherit;\"><span style=\"vertical-align: inherit;\"><span style=\"vertical-align: inherit;\"><span style=\"vertical-align: inherit;\">Safety Memo Disc (SMD) pour le contr\u00f4le de la fatigue cyclique des instruments rotatifs d&rsquo;endodontie. <\/span><\/span><\/span><\/span><\/span><span style=\"vertical-align: inherit;\"><span style=\"vertical-align: inherit;\"><span style=\"vertical-align: inherit;\"><span style=\"vertical-align: inherit;\"><span style=\"vertical-align: inherit;\">Gr\u00e2ce \u00e0 leur forme de papillon, ils sont id\u00e9als pour un contr\u00f4le visuel facile des utilisations de chaque instrument, ainsi que le risque de rupture par fatigue excessive. R<\/span><\/span><\/span><\/span><\/span><span style=\"vertical-align: inherit;\"><span style=\"vertical-align: inherit;\"><span style=\"vertical-align: inherit;\"><span style=\"vertical-align: inherit;\"><span style=\"vertical-align: inherit;\">etirez un p\u00e9tale chaque fois que l&rsquo;instrument est utilis\u00e9.\u00a0<\/span><\/span><\/span><\/span><\/span><\/span><br \/><span style=\"vertical-align: inherit;\"><span style=\"vertical-align: inherit;\"><span style=\"vertical-align: inherit;\"><span style=\"vertical-align: inherit;\"><span style=\"vertical-align: inherit;\"><span style=\"vertical-align: inherit;\">Diam\u00e8tre : 0,5 mm\u00a0\u00a0<\/span><\/span><\/span><\/span><\/span><\/span><\/p>\n","protected":false},"excerpt":{"rendered":"<p>Safety Memo Disc (SMD) pour le contr\u00f4le de la fatigue cyclique des instruments rotatifs d&rsquo;endodontie. Gr\u00e2ce \u00e0 leur forme de papillon, ils sont id\u00e9als pour un contr\u00f4le visuel facile des utilisations de chaque instrument, ainsi que le risque de rupture par fatigue excessive. Retirez un p\u00e9tale chaque fois que l&rsquo;instrument est utilis\u00e9.\u00a0Diam\u00e8tre : 0,5 mm\u00a0\u00a0<\/p>\n","protected":false},"featured_media":40454,"comment_status":"open","ping_status":"closed","template":"","meta":[],"product_cat":[1444],"product_tag":[1459,1490,515,1452,1453,1460],"class_list":{"0":"post-40403","1":"product","2":"type-product","3":"status-publish","4":"has-post-thumbnail","6":"product_cat-non-classe","7":"product_tag-endodontie","8":"product_tag-lime","9":"product_tag-marque_acteon","10":"product_tag-omnipratique","11":"product_tag-produits-annexes","12":"product_tag-specialite_endodontie","14":"first","15":"instock","16":"shipping-taxable","17":"purchasable","18":"product-type-variable"},"_links":{"self":[{"href":"https:\/\/dentafrica.com\/index.php?rest_route=\/wp\/v2\/product\/40403","targetHints":{"allow":["GET"]}}],"collection":[{"href":"https:\/\/dentafrica.com\/index.php?rest_route=\/wp\/v2\/product"}],"about":[{"href":"https:\/\/dentafrica.com\/index.php?rest_route=\/wp\/v2\/types\/product"}],"replies":[{"embeddable":true,"href":"https:\/\/dentafrica.com\/index.php?rest_route=%2Fwp%2Fv2%2Fcomments&post=40403"}],"wp:featuredmedia":[{"embeddable":true,"href":"https:\/\/dentafrica.com\/index.php?rest_route=\/wp\/v2\/media\/40454"}],"wp:attachment":[{"href":"https:\/\/dentafrica.com\/index.php?rest_route=%2Fwp%2Fv2%2Fmedia&parent=40403"}],"wp:term":[{"taxonomy":"product_cat","embeddable":true,"href":"https:\/\/dentafrica.com\/index.php?rest_route=%2Fwp%2Fv2%2Fproduct_cat&post=40403"},{"taxonomy":"product_tag","embeddable":true,"href":"https:\/\/dentafrica.com\/index.php?rest_route=%2Fwp%2Fv2%2Fproduct_tag&post=40403"}],"curies":[{"name":"wp","href":"https:\/\/api.w.org\/{rel}","templated":true}]}}